{"id":252,"date":"2018-05-14T10:50:16","date_gmt":"2018-05-14T10:50:16","guid":{"rendered":"https:\/\/pablomendez.info\/cookies\/"},"modified":"2018-08-01T12:01:53","modified_gmt":"2018-08-01T10:01:53","slug":"cookies","status":"publish","type":"page","link":"https:\/\/pablomendez.info\/en\/cookies\/","title":{"rendered":"Cookies"},"content":{"rendered":"<div id='av_section_1'  class='avia-section av-dnmds-ee9bfc39861f6e3d96167591ccc57316 main_color avia-section-default avia-no-border-styling  avia-builder-el-0  avia-builder-el-no-sibling  avia-bg-style-scroll container_wrap fullsize'  ><div class='container av-section-cont-open' ><main  role=\"main\" itemprop=\"mainContentOfPage\"  class='template-page content  av-content-full alpha units'><div class='post-entry post-entry-type-page post-entry-252'><div class='entry-content-wrapper clearfix'>\n\n<style type=\"text\/css\" data-created_by=\"avia_inline_auto\" id=\"style-css-av-jkaymuny-cb8ebc9478912896f4020eb2dcd34264\">\n#top .av-special-heading.av-jkaymuny-cb8ebc9478912896f4020eb2dcd34264{\npadding-bottom:10px;\nfont-size:45px;\n}\nbody .av-special-heading.av-jkaymuny-cb8ebc9478912896f4020eb2dcd34264 .av-special-heading-tag .heading-char{\nfont-size:25px;\n}\n#top #wrap_all .av-special-heading.av-jkaymuny-cb8ebc9478912896f4020eb2dcd34264 .av-special-heading-tag{\nfont-size:45px;\n}\n.av-special-heading.av-jkaymuny-cb8ebc9478912896f4020eb2dcd34264 .av-subheading{\nfont-size:15px;\n}\n\n@media only screen and (min-width: 480px) and (max-width: 767px){ \n#top #wrap_all .av-special-heading.av-jkaymuny-cb8ebc9478912896f4020eb2dcd34264 .av-special-heading-tag{\nfont-size:0.8em;\n}\n}\n\n@media only screen and (max-width: 479px){ \n#top #wrap_all .av-special-heading.av-jkaymuny-cb8ebc9478912896f4020eb2dcd34264 .av-special-heading-tag{\nfont-size:0.8em;\n}\n}\n<\/style>\n<div  class='av-special-heading av-jkaymuny-cb8ebc9478912896f4020eb2dcd34264 av-special-heading-h3 blockquote modern-quote  avia-builder-el-1  el_before_av_textblock  avia-builder-el-first  av-inherit-size'><h3 class='av-special-heading-tag '  itemprop=\"headline\"  >Cookies<\/h3><div class=\"special-heading-border\"><div class=\"special-heading-inner-border\"><\/div><\/div><\/div>\n<section  class='av_textblock_section av-beboo-105d4ceda5643b796004f263459f9946 '   itemscope=\"itemscope\" itemtype=\"https:\/\/schema.org\/CreativeWork\" ><div class='avia_textblock'  itemprop=\"text\" ><p>Lorem ipsum dolor sit amet consectetur adipiscing elit cursus tempus, feugiat tellus lacinia id justo convallis nibh quam neque metus, tempor augue leo lobortis habitasse mus integer aenean. Elementum nec vitae commodo ac per hendrerit proin porttitor sapien eleifend senectus, laoreet blandit dictum class auctor ad donec litora egestas. Tristique lobortis faucibus magnis sapien mus quisque, habitant libero nostra ultricies turpis, ad id congue semper in.<\/p>\n<p>Hendrerit sollicitudin lectus mi augue himenaeos pellentesque conubia imperdiet condimentum mollis, odio duis luctus non varius eu mattis rhoncus eget faucibus nostra, ad pulvinar sapien inceptos purus curabitur netus auctor magnis. Malesuada tincidunt himenaeos dui penatibus nisl senectus justo sagittis auctor iaculis pellentesque purus duis, ridiculus risus ultricies tempor enim ad quam vulputate mi nec volutpat. Sagittis semper ultricies ante sollicitudin habitasse etiam dignissim neque imperdiet, nullam feugiat curabitur mattis et tellus sem phasellus vel, nibh euismod pharetra dictumst proin morbi parturient nisl.<\/p>\n<p>Pellentesque per tempus quam tincidunt penatibus praesent proin, at hac lectus velit fermentum aliquet lacinia, sodales interdum felis mollis pretium aptent. Aptent netus justo ornare mauris sodales suspendisse purus, commodo mollis a leo luctus velit ligula tortor, sapien etiam id ridiculus penatibus neque. Torquent hendrerit velit rhoncus accumsan enim pulvinar penatibus in semper, magnis posuere justo dictumst arcu egestas primis dapibus id, mauris vulputate mi interdum convallis elementum turpis orci.<\/p>\n<p>Tristique sodales velit iaculis torquent diam erat at montes vel sollicitudin, lacinia urna tincidunt dictum himenaeos magna id facilisis nec cursus, nostra nibh ullamcorper imperdiet taciti senectus mauris eget nisi. Habitant dictumst magna curae hendrerit turpis diam vivamus eleifend, augue aliquet phasellus cum blandit proin pharetra vestibulum, et mattis donec sem etiam quisque eget. Erat purus viverra placerat praesent luctus et, fusce enim fringilla mollis fames, primis orci congue fermentum class.<\/p>\n<\/div><\/section>\n\n","protected":false},"excerpt":{"rendered":"","protected":false},"author":1,"featured_media":0,"parent":0,"menu_order":0,"comment_status":"closed","ping_status":"closed","template":"","meta":{"_joinchat":[],"footnotes":""},"class_list":["post-252","page","type-page","status-publish","hentry"],"yoast_head":"<!-- This site is optimized with the Yoast SEO plugin v27.2 - https:\/\/yoast.com\/product\/yoast-seo-wordpress\/ -->\n<title>Cookies - Pablo M\u00e9ndez<\/title>\n<meta name=\"robots\" content=\"index, follow, max-snippet:-1, max-image-preview:large, max-video-preview:-1\" \/>\n<link rel=\"canonical\" href=\"https:\/\/pablomendez.info\/en\/cookies\/\" \/>\n<meta property=\"og:locale\" content=\"en_US\" \/>\n<meta property=\"og:type\" content=\"article\" \/>\n<meta property=\"og:title\" content=\"Cookies - Pablo M\u00e9ndez\" \/>\n<meta property=\"og:url\" content=\"https:\/\/pablomendez.info\/en\/cookies\/\" \/>\n<meta property=\"og:site_name\" content=\"Pablo M\u00e9ndez\" \/>\n<meta property=\"article:publisher\" content=\"https:\/\/www.facebook.com\/pablomendez.fanpage\" \/>\n<meta property=\"article:modified_time\" content=\"2018-08-01T10:01:53+00:00\" \/>\n<meta name=\"twitter:card\" content=\"summary_large_image\" \/>\n<meta name=\"twitter:site\" content=\"@_Pablo_Mendez_\" \/>\n<meta name=\"twitter:label1\" content=\"Est. reading time\" \/>\n\t<meta name=\"twitter:data1\" content=\"2 minutes\" \/>\n<script type=\"application\/ld+json\" class=\"yoast-schema-graph\">{\"@context\":\"https:\/\/schema.org\",\"@graph\":[{\"@type\":\"WebPage\",\"@id\":\"https:\/\/pablomendez.info\/en\/cookies\/\",\"url\":\"https:\/\/pablomendez.info\/en\/cookies\/\",\"name\":\"Cookies - Pablo M\u00e9ndez\",\"isPartOf\":{\"@id\":\"https:\/\/pablomendez.info\/en\/#website\"},\"datePublished\":\"2018-05-14T10:50:16+00:00\",\"dateModified\":\"2018-08-01T10:01:53+00:00\",\"breadcrumb\":{\"@id\":\"https:\/\/pablomendez.info\/en\/cookies\/#breadcrumb\"},\"inLanguage\":\"en-US\",\"potentialAction\":[{\"@type\":\"ReadAction\",\"target\":[\"https:\/\/pablomendez.info\/en\/cookies\/\"]}]},{\"@type\":\"BreadcrumbList\",\"@id\":\"https:\/\/pablomendez.info\/en\/cookies\/#breadcrumb\",\"itemListElement\":[{\"@type\":\"ListItem\",\"position\":1,\"name\":\"Portada\",\"item\":\"https:\/\/pablomendez.info\/en\/home\/\"},{\"@type\":\"ListItem\",\"position\":2,\"name\":\"Cookies\"}]},{\"@type\":\"WebSite\",\"@id\":\"https:\/\/pablomendez.info\/en\/#website\",\"url\":\"https:\/\/pablomendez.info\/en\/\",\"name\":\"Pablo M\u00e9ndez\",\"description\":\"Compa\u00f1\u00eda de Performances\",\"publisher\":{\"@id\":\"https:\/\/pablomendez.info\/en\/#organization\"},\"alternateName\":\"Performances\",\"potentialAction\":[{\"@type\":\"SearchAction\",\"target\":{\"@type\":\"EntryPoint\",\"urlTemplate\":\"https:\/\/pablomendez.info\/en\/?s={search_term_string}\"},\"query-input\":{\"@type\":\"PropertyValueSpecification\",\"valueRequired\":true,\"valueName\":\"search_term_string\"}}],\"inLanguage\":\"en-US\"},{\"@type\":\"Organization\",\"@id\":\"https:\/\/pablomendez.info\/en\/#organization\",\"name\":\"Pablo M\u00e9ndez Performances\",\"url\":\"https:\/\/pablomendez.info\/en\/\",\"logo\":{\"@type\":\"ImageObject\",\"inLanguage\":\"en-US\",\"@id\":\"https:\/\/pablomendez.info\/en\/#\/schema\/logo\/image\/\",\"url\":\"https:\/\/pablomendez.info\/wp-content\/uploads\/2018\/05\/logopm.png\",\"contentUrl\":\"https:\/\/pablomendez.info\/wp-content\/uploads\/2018\/05\/logopm.png\",\"width\":191,\"height\":260,\"caption\":\"Pablo M\u00e9ndez Performances\"},\"image\":{\"@id\":\"https:\/\/pablomendez.info\/en\/#\/schema\/logo\/image\/\"},\"sameAs\":[\"https:\/\/www.facebook.com\/pablomendez.fanpage\",\"https:\/\/x.com\/_Pablo_Mendez_\",\"https:\/\/www.instagram.com\/pablomendezperformances\/\",\"https:\/\/www.linkedin.com\/company\/100184444\/admin\/dashboard\/\"]}]}<\/script>\n<!-- \/ Yoast SEO plugin. -->","yoast_head_json":{"title":"Cookies - Pablo M\u00e9ndez","robots":{"index":"index","follow":"follow","max-snippet":"max-snippet:-1","max-image-preview":"max-image-preview:large","max-video-preview":"max-video-preview:-1"},"canonical":"https:\/\/pablomendez.info\/en\/cookies\/","og_locale":"en_US","og_type":"article","og_title":"Cookies - Pablo M\u00e9ndez","og_url":"https:\/\/pablomendez.info\/en\/cookies\/","og_site_name":"Pablo M\u00e9ndez","article_publisher":"https:\/\/www.facebook.com\/pablomendez.fanpage","article_modified_time":"2018-08-01T10:01:53+00:00","twitter_card":"summary_large_image","twitter_site":"@_Pablo_Mendez_","twitter_misc":{"Est. reading time":"2 minutes"},"schema":{"@context":"https:\/\/schema.org","@graph":[{"@type":"WebPage","@id":"https:\/\/pablomendez.info\/en\/cookies\/","url":"https:\/\/pablomendez.info\/en\/cookies\/","name":"Cookies - Pablo M\u00e9ndez","isPartOf":{"@id":"https:\/\/pablomendez.info\/en\/#website"},"datePublished":"2018-05-14T10:50:16+00:00","dateModified":"2018-08-01T10:01:53+00:00","breadcrumb":{"@id":"https:\/\/pablomendez.info\/en\/cookies\/#breadcrumb"},"inLanguage":"en-US","potentialAction":[{"@type":"ReadAction","target":["https:\/\/pablomendez.info\/en\/cookies\/"]}]},{"@type":"BreadcrumbList","@id":"https:\/\/pablomendez.info\/en\/cookies\/#breadcrumb","itemListElement":[{"@type":"ListItem","position":1,"name":"Portada","item":"https:\/\/pablomendez.info\/en\/home\/"},{"@type":"ListItem","position":2,"name":"Cookies"}]},{"@type":"WebSite","@id":"https:\/\/pablomendez.info\/en\/#website","url":"https:\/\/pablomendez.info\/en\/","name":"Pablo M\u00e9ndez","description":"Compa\u00f1\u00eda de Performances","publisher":{"@id":"https:\/\/pablomendez.info\/en\/#organization"},"alternateName":"Performances","potentialAction":[{"@type":"SearchAction","target":{"@type":"EntryPoint","urlTemplate":"https:\/\/pablomendez.info\/en\/?s={search_term_string}"},"query-input":{"@type":"PropertyValueSpecification","valueRequired":true,"valueName":"search_term_string"}}],"inLanguage":"en-US"},{"@type":"Organization","@id":"https:\/\/pablomendez.info\/en\/#organization","name":"Pablo M\u00e9ndez Performances","url":"https:\/\/pablomendez.info\/en\/","logo":{"@type":"ImageObject","inLanguage":"en-US","@id":"https:\/\/pablomendez.info\/en\/#\/schema\/logo\/image\/","url":"https:\/\/pablomendez.info\/wp-content\/uploads\/2018\/05\/logopm.png","contentUrl":"https:\/\/pablomendez.info\/wp-content\/uploads\/2018\/05\/logopm.png","width":191,"height":260,"caption":"Pablo M\u00e9ndez Performances"},"image":{"@id":"https:\/\/pablomendez.info\/en\/#\/schema\/logo\/image\/"},"sameAs":["https:\/\/www.facebook.com\/pablomendez.fanpage","https:\/\/x.com\/_Pablo_Mendez_","https:\/\/www.instagram.com\/pablomendezperformances\/","https:\/\/www.linkedin.com\/company\/100184444\/admin\/dashboard\/"]}]}},"_links":{"self":[{"href":"https:\/\/pablomendez.info\/en\/wp-json\/wp\/v2\/pages\/252","targetHints":{"allow":["GET"]}}],"collection":[{"href":"https:\/\/pablomendez.info\/en\/wp-json\/wp\/v2\/pages"}],"about":[{"href":"https:\/\/pablomendez.info\/en\/wp-json\/wp\/v2\/types\/page"}],"author":[{"embeddable":true,"href":"https:\/\/pablomendez.info\/en\/wp-json\/wp\/v2\/users\/1"}],"replies":[{"embeddable":true,"href":"https:\/\/pablomendez.info\/en\/wp-json\/wp\/v2\/comments?post=252"}],"version-history":[{"count":3,"href":"https:\/\/pablomendez.info\/en\/wp-json\/wp\/v2\/pages\/252\/revisions"}],"predecessor-version":[{"id":4123,"href":"https:\/\/pablomendez.info\/en\/wp-json\/wp\/v2\/pages\/252\/revisions\/4123"}],"wp:attachment":[{"href":"https:\/\/pablomendez.info\/en\/wp-json\/wp\/v2\/media?parent=252"}],"curies":[{"name":"wp","href":"https:\/\/api.w.org\/{rel}","templated":true}]}}